{"id":2,"date":"2026-02-02T08:45:45","date_gmt":"2026-02-02T08:45:45","guid":{"rendered":"https:\/\/barbrasilsani.rkinformatika.online\/?page_id=2"},"modified":"2026-02-03T10:56:48","modified_gmt":"2026-02-03T10:56:48","slug":"inicio","status":"publish","type":"page","link":"https:\/\/barbrasilsani.es\/eu\/","title":{"rendered":"Hasiera"},"content":{"rendered":"<div data-elementor-type=\"wp-page\" data-elementor-id=\"2\" class=\"elementor elementor-2\" data-elementor-post-type=\"page\">\n\t\t\t\t<div class=\"elementor-element elementor-element-65f0775 e-con-full e-flex e-con e-parent\" data-id=\"65f0775\" data-element_type=\"container\" data-e-type=\"container\" data-settings=\"{&quot;background_background&quot;:&quot;classic&quot;}\">\n\t\t<div class=\"elementor-element elementor-element-f613181 e-con-full e-flex e-con e-child\" data-id=\"f613181\" data-element_type=\"container\" data-e-type=\"container\">\n\t\t\t\t<div class=\"elementor-element elementor-element-d487ea8 elementor-headline--style-highlight elementor-widget elementor-widget-animated-headline\" data-id=\"d487ea8\" data-element_type=\"widget\" data-e-type=\"widget\" data-settings=\"{&quot;marker&quot;:&quot;double_underline&quot;,&quot;highlighted_text&quot;:&quot;30 a\\u00f1os&quot;,&quot;headline_style&quot;:&quot;highlight&quot;,&quot;loop&quot;:&quot;yes&quot;,&quot;highlight_animation_duration&quot;:1200,&quot;highlight_iteration_delay&quot;:8000}\" data-widget_type=\"animated-headline.default\">\n\t\t\t\t\t\t\t<h3 class=\"elementor-headline\">\n\t\t\t\t\t<span class=\"elementor-headline-plain-text elementor-headline-text-wrapper\">30 urte <\/span>\n\t\t\t\t<span class=\"elementor-headline-dynamic-wrapper elementor-headline-text-wrapper\">\n\t\t\t\t\t<span class=\"elementor-headline-dynamic-text elementor-headline-text-active\">baino<\/span>\n\t\t\t\t<\/span>\n\t\t\t\t\t<span class=\"elementor-headline-plain-text elementor-headline-text-wrapper\">gehiago auzoko elkargunea izaten!<\/span>\n\t\t\t\t\t<\/h3>\n\t\t\t\t\t\t<\/div>\n\t\t\t\t<\/div>\n\t\t\t\t<\/div>\n\t\t<div class=\"elementor-element elementor-element-84b7425 e-flex e-con-boxed elementor-invisible e-con e-parent\" data-id=\"84b7425\" data-element_type=\"container\" data-e-type=\"container\" data-settings=\"{&quot;background_background&quot;:&quot;classic&quot;,&quot;animation&quot;:&quot;fadeInLeft&quot;}\">\n\t\t\t\t\t<div class=\"e-con-inner\">\n\t\t<div class=\"elementor-element elementor-element-b8b68ce e-con-full e-flex e-con e-child\" data-id=\"b8b68ce\" data-element_type=\"container\" data-e-type=\"container\">\n\t\t\t\t<div class=\"elementor-element elementor-element-899b176 elementor-widget__width-initial elementor-absolute elementor-widget elementor-widget-image\" data-id=\"899b176\" data-element_type=\"widget\" data-e-type=\"widget\" data-settings=\"{&quot;_position&quot;:&quot;absolute&quot;}\" data-widget_type=\"image.default\">\n\t\t\t\t\t\t\t\t\t\t\t\t\t\t\t<img fetchpriority=\"high\" decoding=\"async\" width=\"269\" height=\"213\" src=\"https:\/\/barbrasilsani.es\/wp-content\/uploads\/2026\/02\/ico_web.jpg\" class=\"attachment-medium size-medium wp-image-26\" alt=\"\" srcset=\"https:\/\/barbrasilsani.es\/wp-content\/uploads\/2026\/02\/ico_web.jpg 269w, https:\/\/barbrasilsani.es\/wp-content\/uploads\/2026\/02\/ico_web-15x12.jpg 15w\" sizes=\"(max-width: 269px) 100vw, 269px\" \/>\t\t\t\t\t\t\t\t\t\t\t\t\t\t\t<\/div>\n\t\t\t\t<div class=\"elementor-element elementor-element-51c276c elementor-widget elementor-widget-spacer\" data-id=\"51c276c\" data-element_type=\"widget\" data-e-type=\"widget\" data-widget_type=\"spacer.default\">\n\t\t\t\t\t\t\t<div class=\"elementor-spacer\">\n\t\t\t<div class=\"elementor-spacer-inner\"><\/div>\n\t\t<\/div>\n\t\t\t\t\t\t<\/div>\n\t\t\t\t<div class=\"elementor-element elementor-element-3dfed5c elementor-widget elementor-widget-heading\" data-id=\"3dfed5c\" data-element_type=\"widget\" data-e-type=\"widget\" data-widget_type=\"heading.default\">\n\t\t\t\t\t<h2 class=\"elementor-heading-title elementor-size-default\">Guri Buruz<\/h2>\t\t\t\t<\/div>\n\t\t\t\t<div class=\"elementor-element elementor-element-cb0db24 elementor-widget elementor-widget-heading\" data-id=\"cb0db24\" data-element_type=\"widget\" data-e-type=\"widget\" data-widget_type=\"heading.default\">\n\t\t\t\t\t<h2 class=\"elementor-heading-title elementor-size-default\">Bar Brasil<\/h2>\t\t\t\t<\/div>\n\t\t\t\t<div class=\"elementor-element elementor-element-50830ae elementor-widget elementor-widget-text-editor\" data-id=\"50830ae\" data-element_type=\"widget\" data-e-type=\"widget\" data-widget_type=\"text-editor.default\">\n\t\t\t\t\t\t\t\t\t<p>30 urte baino gehiagoko historia duen familia-taberna bat gara, leku berean, giro ona ziurtatuta dagoen bizitza osoko topagune bat.<\/p>\n<p>Hemen belaunaldiak, barreak eta une partekatuak nahasten dira, beti tratu hurbil eta benetako batekin.<\/p>\n<p>\u00a0<\/p>\t\t\t\t\t\t\t\t<\/div>\n\t\t\t\t<\/div>\n\t\t<div class=\"elementor-element elementor-element-0ceadc8 e-con-full e-flex e-con e-child\" data-id=\"0ceadc8\" data-element_type=\"container\" data-e-type=\"container\">\n\t\t\t\t<div class=\"elementor-element elementor-element-f5bf895 elementor-widget elementor-widget-image\" data-id=\"f5bf895\" data-element_type=\"widget\" data-e-type=\"widget\" data-widget_type=\"image.default\">\n\t\t\t\t\t\t\t\t\t\t\t\t\t\t\t<img decoding=\"async\" width=\"667\" height=\"1000\" src=\"https:\/\/barbrasilsani.es\/wp-content\/uploads\/2026\/02\/2149715106.jpg\" class=\"elementor-animation-shrink attachment-full size-full wp-image-276\" alt=\"\" srcset=\"https:\/\/barbrasilsani.es\/wp-content\/uploads\/2026\/02\/2149715106.jpg 667w, https:\/\/barbrasilsani.es\/wp-content\/uploads\/2026\/02\/2149715106-200x300.jpg 200w, https:\/\/barbrasilsani.es\/wp-content\/uploads\/2026\/02\/2149715106-8x12.jpg 8w\" sizes=\"(max-width: 667px) 100vw, 667px\" \/>\t\t\t\t\t\t\t\t\t\t\t\t\t\t\t<\/div>\n\t\t\t\t<\/div>\n\t\t\t\t\t<\/div>\n\t\t\t\t<\/div>\n\t\t<div class=\"elementor-element elementor-element-abcb470 e-flex e-con-boxed e-con e-parent\" data-id=\"abcb470\" data-element_type=\"container\" data-e-type=\"container\" data-settings=\"{&quot;background_background&quot;:&quot;classic&quot;}\">\n\t\t\t\t\t<div class=\"e-con-inner\">\n\t\t\t\t<div class=\"elementor-element elementor-element-db4e145 elementor-invisible elementor-widget elementor-widget-heading\" data-id=\"db4e145\" data-element_type=\"widget\" data-e-type=\"widget\" data-settings=\"{&quot;_animation&quot;:&quot;fadeInRight&quot;}\" data-widget_type=\"heading.default\">\n\t\t\t\t\t<h2 class=\"elementor-heading-title elementor-size-default\">Hemen rocka ez da inoiz itzaltzen eta giroa beti lagun!<\/h2>\t\t\t\t<\/div>\n\t\t\t\t<div class=\"elementor-element elementor-element-f09cbd0 elementor-tablet-align-center elementor-align-left elementor-invisible elementor-widget elementor-widget-button\" data-id=\"f09cbd0\" data-element_type=\"widget\" data-e-type=\"widget\" data-settings=\"{&quot;_animation&quot;:&quot;fadeInLeft&quot;}\" data-widget_type=\"button.default\">\n\t\t\t\t\t\t\t\t\t\t<a class=\"elementor-button elementor-button-link elementor-size-sm elementor-animation-float\" href=\"\/eu\/servicios\/\">\n\t\t\t\t\t\t<span class=\"elementor-button-content-wrapper\">\n\t\t\t\t\t\t\t\t\t<span class=\"elementor-button-text\">Zerbitzuak<\/span>\n\t\t\t\t\t<\/span>\n\t\t\t\t\t<\/a>\n\t\t\t\t\t\t\t\t<\/div>\n\t\t\t\t\t<\/div>\n\t\t\t\t<\/div>\n\t\t<div class=\"elementor-element elementor-element-6c7d3a3 e-flex e-con-boxed elementor-invisible e-con e-parent\" data-id=\"6c7d3a3\" data-element_type=\"container\" data-e-type=\"container\" data-settings=\"{&quot;background_background&quot;:&quot;classic&quot;,&quot;animation&quot;:&quot;fadeInLeft&quot;}\">\n\t\t\t\t\t<div class=\"e-con-inner\">\n\t\t<div class=\"elementor-element elementor-element-8055155 e-con-full e-flex e-con e-child\" data-id=\"8055155\" data-element_type=\"container\" data-e-type=\"container\">\n\t\t\t\t<div class=\"elementor-element elementor-element-6a96d30 elementor-widget__width-initial elementor-absolute elementor-widget elementor-widget-image\" data-id=\"6a96d30\" data-element_type=\"widget\" data-e-type=\"widget\" data-settings=\"{&quot;_position&quot;:&quot;absolute&quot;}\" data-widget_type=\"image.default\">\n\t\t\t\t\t\t\t\t\t\t\t\t\t\t\t<img fetchpriority=\"high\" decoding=\"async\" width=\"269\" height=\"213\" src=\"https:\/\/barbrasilsani.es\/wp-content\/uploads\/2026\/02\/ico_web.jpg\" class=\"attachment-medium size-medium wp-image-26\" alt=\"\" srcset=\"https:\/\/barbrasilsani.es\/wp-content\/uploads\/2026\/02\/ico_web.jpg 269w, https:\/\/barbrasilsani.es\/wp-content\/uploads\/2026\/02\/ico_web-15x12.jpg 15w\" sizes=\"(max-width: 269px) 100vw, 269px\" \/>\t\t\t\t\t\t\t\t\t\t\t\t\t\t\t<\/div>\n\t\t\t\t<div class=\"elementor-element elementor-element-f8e1fc2 elementor-widget elementor-widget-heading\" data-id=\"f8e1fc2\" data-element_type=\"widget\" data-e-type=\"widget\" data-widget_type=\"heading.default\">\n\t\t\t\t\t<h2 class=\"elementor-heading-title elementor-size-default\">Gure janaria<\/h2>\t\t\t\t<\/div>\n\t\t\t\t<div class=\"elementor-element elementor-element-78c097d elementor-widget elementor-widget-heading\" data-id=\"78c097d\" data-element_type=\"widget\" data-e-type=\"widget\" data-widget_type=\"heading.default\">\n\t\t\t\t\t<h2 class=\"elementor-heading-title elementor-size-default\">Kirola pasioz eta konpainia onean bizitzeko lekua!<\/h2>\t\t\t\t<\/div>\n\t\t\t\t<div class=\"elementor-element elementor-element-8f56381 elementor-widget elementor-widget-text-editor\" data-id=\"8f56381\" data-element_type=\"widget\" data-e-type=\"widget\" data-widget_type=\"text-editor.default\">\n\t\t\t\t\t\t\t\t\t<p>Nos encanta crear un espacio diferente, por eso apostamos por la m\u00fasica rockera como banda sonora del local, y acompa\u00f1amos los mejores momentos con deporte en pantalla para que no te pierdas ning\u00fan partido.<\/p>\n<p>Un sitio pensado para disfrutar, desconectar y sentirte como en casa.<\/p>\t\t\t\t\t\t\t\t<\/div>\n\t\t\t\t<\/div>\n\t\t\t\t\t<\/div>\n\t\t\t\t<\/div>\n\t\t<div class=\"elementor-element elementor-element-12bf6bc e-flex e-con-boxed elementor-invisible e-con e-parent\" data-id=\"12bf6bc\" data-element_type=\"container\" data-e-type=\"container\" data-settings=\"{&quot;background_background&quot;:&quot;classic&quot;,&quot;animation&quot;:&quot;fadeInLeft&quot;}\">\n\t\t\t\t\t<div class=\"e-con-inner\">\n\t\t<div class=\"elementor-element elementor-element-1a1965d e-con-full e-flex e-con e-child\" data-id=\"1a1965d\" data-element_type=\"container\" data-e-type=\"container\">\n\t\t\t\t<div class=\"elementor-element elementor-element-7c72cf8 elementor-arrows-position-inside elementor-pagination-position-outside elementor-widget elementor-widget-image-carousel\" data-id=\"7c72cf8\" data-element_type=\"widget\" data-e-type=\"widget\" data-settings=\"{&quot;image_spacing_custom&quot;:{&quot;unit&quot;:&quot;px&quot;,&quot;size&quot;:5,&quot;sizes&quot;:[]},&quot;navigation&quot;:&quot;both&quot;,&quot;autoplay&quot;:&quot;yes&quot;,&quot;pause_on_hover&quot;:&quot;yes&quot;,&quot;pause_on_interaction&quot;:&quot;yes&quot;,&quot;autoplay_speed&quot;:5000,&quot;infinite&quot;:&quot;yes&quot;,&quot;speed&quot;:500,&quot;image_spacing_custom_tablet&quot;:{&quot;unit&quot;:&quot;px&quot;,&quot;size&quot;:&quot;&quot;,&quot;sizes&quot;:[]},&quot;image_spacing_custom_mobile&quot;:{&quot;unit&quot;:&quot;px&quot;,&quot;size&quot;:&quot;&quot;,&quot;sizes&quot;:[]}}\" data-widget_type=\"image-carousel.default\">\n\t\t\t\t\t\t\t<div class=\"elementor-image-carousel-wrapper swiper\" role=\"region\" aria-roledescription=\"carousel\" aria-label=\"Carrusel de im\u00e1genes\" dir=\"ltr\">\n\t\t\t<div class=\"elementor-image-carousel swiper-wrapper\" aria-live=\"off\">\n\t\t\t\t\t\t\t\t<div class=\"swiper-slide\" role=\"group\" aria-roledescription=\"slide\" aria-label=\"1 de 5\"><figure class=\"swiper-slide-inner\"><img decoding=\"async\" class=\"swiper-slide-image\" src=\"https:\/\/barbrasilsani.es\/wp-content\/uploads\/elementor\/thumbs\/6590-rik269uxcqumb9c1eirchtnvh5nfljumiv3rkqup40.jpg\" alt=\"6590.jpg\" \/><\/figure><\/div><div class=\"swiper-slide\" role=\"group\" aria-roledescription=\"slide\" aria-label=\"2 de 5\"><figure class=\"swiper-slide-inner\"><img decoding=\"async\" class=\"swiper-slide-image\" src=\"https:\/\/barbrasilsani.es\/wp-content\/uploads\/elementor\/thumbs\/2148910362-rik6aku7npva4dwvemk9wee1lqoa2cm08wlpgeyjds.jpg\" alt=\"2148910362\" \/><\/figure><\/div><div class=\"swiper-slide\" role=\"group\" aria-roledescription=\"slide\" aria-label=\"3 de 5\"><figure class=\"swiper-slide-inner\"><img decoding=\"async\" class=\"swiper-slide-image\" src=\"https:\/\/barbrasilsani.es\/wp-content\/uploads\/elementor\/thumbs\/275-rik6aolkf20fetreso6s6dfvza5qx50xlf7ndisyow.jpg\" alt=\"275\" \/><\/figure><\/div><div class=\"swiper-slide\" role=\"group\" aria-roledescription=\"slide\" aria-label=\"4 de 5\"><figure class=\"swiper-slide-inner\"><img decoding=\"async\" class=\"swiper-slide-image\" src=\"https:\/\/barbrasilsani.es\/wp-content\/uploads\/elementor\/thumbs\/21692-rik6arf2zk4adnnbc7envuq9rfruk8c4lt63tcos68.jpg\" alt=\"21692\" \/><\/figure><\/div><div class=\"swiper-slide\" role=\"group\" aria-roledescription=\"slide\" aria-label=\"5 de 5\"><figure class=\"swiper-slide-inner\"><img decoding=\"async\" class=\"swiper-slide-image\" src=\"https:\/\/barbrasilsani.es\/wp-content\/uploads\/elementor\/thumbs\/2149715092-rik268x35wtbzndek0cpxbwevrs2duqw6qga3gw3a8.jpg\" alt=\"2149715092.jpg\" \/><\/figure><\/div>\t\t\t<\/div>\n\t\t\t\t\t\t\t\t\t\t\t\t<div class=\"elementor-swiper-button elementor-swiper-button-prev\" role=\"button\" tabindex=\"0\">\n\t\t\t\t\t\t<svg aria-hidden=\"true\" class=\"e-font-icon-svg e-eicon-chevron-left\" viewbox=\"0 0 1000 1000\" xmlns=\"http:\/\/www.w3.org\/2000\/svg\"><path d=\"M646 125C629 125 613 133 604 142L308 442C296 454 292 471 292 487 292 504 296 521 308 533L604 854C617 867 629 875 646 875 663 875 679 871 692 858 704 846 713 829 713 812 713 796 708 779 692 767L438 487 692 225C700 217 708 204 708 187 708 171 704 154 692 142 675 129 663 125 646 125Z\"><\/path><\/svg>\t\t\t\t\t<\/div>\n\t\t\t\t\t<div class=\"elementor-swiper-button elementor-swiper-button-next\" role=\"button\" tabindex=\"0\">\n\t\t\t\t\t\t<svg aria-hidden=\"true\" class=\"e-font-icon-svg e-eicon-chevron-right\" viewbox=\"0 0 1000 1000\" xmlns=\"http:\/\/www.w3.org\/2000\/svg\"><path d=\"M696 533C708 521 713 504 713 487 713 471 708 454 696 446L400 146C388 133 375 125 354 125 338 125 325 129 313 142 300 154 292 171 292 187 292 204 296 221 308 233L563 492 304 771C292 783 288 800 288 817 288 833 296 850 308 863 321 871 338 875 354 875 371 875 388 867 400 854L696 533Z\"><\/path><\/svg>\t\t\t\t\t<\/div>\n\t\t\t\t\n\t\t\t\t\t\t\t\t\t<div class=\"swiper-pagination\"><\/div>\n\t\t\t\t\t\t\t\t\t<\/div>\n\t\t\t\t\t\t<\/div>\n\t\t\t\t<\/div>\n\t\t\t\t\t<\/div>\n\t\t\t\t<\/div>\n\t\t\t\t<\/div>","protected":false},"excerpt":{"rendered":"<p>\u00a1M\u00e1s de 30 a\u00f1os siendo el punto de encuentro del barrio! Sobre Nosotros Bar Brasil Somos un bar familiar con m\u00e1s de 30 a\u00f1os de historia en el mismo lugar, un punto de encuentro de toda la vida donde el buen ambiente est\u00e1 asegurado. Aqu\u00ed se mezclan generaciones, risas y momentos compartidos, siempre con un [&hellip;]<\/p>\n","protected":false},"author":1,"featured_media":0,"parent":0,"menu_order":0,"comment_status":"closed","ping_status":"closed","template":"elementor_canvas","meta":{"footnotes":""},"class_list":["post-2","page","type-page","status-publish","hentry"],"yoast_head":"<!-- This site is optimized with the Yoast SEO plugin v27.5 - https:\/\/yoast.com\/product\/yoast-seo-wordpress\/ -->\n<title>Inicio - Bar Brasil<\/title>\n<meta name=\"robots\" content=\"index, follow, max-snippet:-1, max-image-preview:large, max-video-preview:-1\" \/>\n<link rel=\"canonical\" href=\"https:\/\/barbrasilsani.es\/eu\/\" \/>\n<meta property=\"og:locale\" content=\"en_US\" \/>\n<meta property=\"og:type\" content=\"article\" \/>\n<meta property=\"og:title\" content=\"Inicio - Bar Brasil\" \/>\n<meta property=\"og:description\" content=\"\u00a1M\u00e1s de 30 a\u00f1os siendo el punto de encuentro del barrio! Sobre Nosotros Bar Brasil Somos un bar familiar con m\u00e1s de 30 a\u00f1os de historia en el mismo lugar, un punto de encuentro de toda la vida donde el buen ambiente est\u00e1 asegurado. Aqu\u00ed se mezclan generaciones, risas y momentos compartidos, siempre con un [&hellip;]\" \/>\n<meta property=\"og:url\" content=\"https:\/\/barbrasilsani.es\/eu\/\" \/>\n<meta property=\"og:site_name\" content=\"Bar Brasil\" \/>\n<meta property=\"article:modified_time\" content=\"2026-02-03T10:56:48+00:00\" \/>\n<meta property=\"og:image\" content=\"https:\/\/barbrasilsani.es\/wp-content\/uploads\/2026\/02\/ico_web.jpg\" \/>\n<meta name=\"twitter:card\" content=\"summary_large_image\" \/>\n<meta name=\"twitter:label1\" content=\"Est. reading time\" \/>\n\t<meta name=\"twitter:data1\" content=\"3 minutua\" \/>\n<script type=\"application\/ld+json\" class=\"yoast-schema-graph\">{\"@context\":\"https:\\\/\\\/schema.org\",\"@graph\":[{\"@type\":\"WebPage\",\"@id\":\"https:\\\/\\\/barbrasilsani.es\\\/\",\"url\":\"https:\\\/\\\/barbrasilsani.es\\\/\",\"name\":\"Inicio - Bar Brasil\",\"isPartOf\":{\"@id\":\"https:\\\/\\\/barbrasilsani.es\\\/#website\"},\"primaryImageOfPage\":{\"@id\":\"https:\\\/\\\/barbrasilsani.es\\\/#primaryimage\"},\"image\":{\"@id\":\"https:\\\/\\\/barbrasilsani.es\\\/#primaryimage\"},\"thumbnailUrl\":\"https:\\\/\\\/barbrasilsani.es\\\/wp-content\\\/uploads\\\/2026\\\/02\\\/ico_web.jpg\",\"datePublished\":\"2026-02-02T08:45:45+00:00\",\"dateModified\":\"2026-02-03T10:56:48+00:00\",\"breadcrumb\":{\"@id\":\"https:\\\/\\\/barbrasilsani.es\\\/#breadcrumb\"},\"inLanguage\":\"eu\",\"potentialAction\":[{\"@type\":\"ReadAction\",\"target\":[\"https:\\\/\\\/barbrasilsani.es\\\/\"]}]},{\"@type\":\"ImageObject\",\"inLanguage\":\"eu\",\"@id\":\"https:\\\/\\\/barbrasilsani.es\\\/#primaryimage\",\"url\":\"https:\\\/\\\/barbrasilsani.es\\\/wp-content\\\/uploads\\\/2026\\\/02\\\/ico_web.jpg\",\"contentUrl\":\"https:\\\/\\\/barbrasilsani.es\\\/wp-content\\\/uploads\\\/2026\\\/02\\\/ico_web.jpg\"},{\"@type\":\"BreadcrumbList\",\"@id\":\"https:\\\/\\\/barbrasilsani.es\\\/#breadcrumb\",\"itemListElement\":[{\"@type\":\"ListItem\",\"position\":1,\"name\":\"Portada\",\"item\":\"https:\\\/\\\/barbrasilsani.es\\\/\"},{\"@type\":\"ListItem\",\"position\":2,\"name\":\"Inicio\"}]},{\"@type\":\"WebSite\",\"@id\":\"https:\\\/\\\/barbrasilsani.es\\\/#website\",\"url\":\"https:\\\/\\\/barbrasilsani.es\\\/\",\"name\":\"Bar Brasil\",\"description\":\"Bar Brasil\",\"publisher\":{\"@id\":\"https:\\\/\\\/barbrasilsani.es\\\/#organization\"},\"potentialAction\":[{\"@type\":\"SearchAction\",\"target\":{\"@type\":\"EntryPoint\",\"urlTemplate\":\"https:\\\/\\\/barbrasilsani.es\\\/?s={search_term_string}\"},\"query-input\":{\"@type\":\"PropertyValueSpecification\",\"valueRequired\":true,\"valueName\":\"search_term_string\"}}],\"inLanguage\":\"eu\"},{\"@type\":\"Organization\",\"@id\":\"https:\\\/\\\/barbrasilsani.es\\\/#organization\",\"name\":\"Bar Brasil\",\"url\":\"https:\\\/\\\/barbrasilsani.es\\\/\",\"logo\":{\"@type\":\"ImageObject\",\"inLanguage\":\"eu\",\"@id\":\"https:\\\/\\\/barbrasilsani.es\\\/#\\\/schema\\\/logo\\\/image\\\/\",\"url\":\"https:\\\/\\\/barbrasilsani.es\\\/wp-content\\\/uploads\\\/2026\\\/02\\\/logo_web2-removebg-preview.png\",\"contentUrl\":\"https:\\\/\\\/barbrasilsani.es\\\/wp-content\\\/uploads\\\/2026\\\/02\\\/logo_web2-removebg-preview.png\",\"width\":500,\"height\":500,\"caption\":\"Bar Brasil\"},\"image\":{\"@id\":\"https:\\\/\\\/barbrasilsani.es\\\/#\\\/schema\\\/logo\\\/image\\\/\"}}]}<\/script>\n<!-- \/ Yoast SEO plugin. -->","yoast_head_json":{"title":"Inicio - Bar Brasil","robots":{"index":"index","follow":"follow","max-snippet":"max-snippet:-1","max-image-preview":"max-image-preview:large","max-video-preview":"max-video-preview:-1"},"canonical":"https:\/\/barbrasilsani.es\/eu\/","og_locale":"en_US","og_type":"article","og_title":"Inicio - Bar Brasil","og_description":"\u00a1M\u00e1s de 30 a\u00f1os siendo el punto de encuentro del barrio! Sobre Nosotros Bar Brasil Somos un bar familiar con m\u00e1s de 30 a\u00f1os de historia en el mismo lugar, un punto de encuentro de toda la vida donde el buen ambiente est\u00e1 asegurado. Aqu\u00ed se mezclan generaciones, risas y momentos compartidos, siempre con un [&hellip;]","og_url":"https:\/\/barbrasilsani.es\/eu\/","og_site_name":"Bar Brasil","article_modified_time":"2026-02-03T10:56:48+00:00","og_image":[{"url":"https:\/\/barbrasilsani.es\/wp-content\/uploads\/2026\/02\/ico_web.jpg","type":"","width":"","height":""}],"twitter_card":"summary_large_image","twitter_misc":{"Est. reading time":"3 minutua"},"schema":{"@context":"https:\/\/schema.org","@graph":[{"@type":"WebPage","@id":"https:\/\/barbrasilsani.es\/","url":"https:\/\/barbrasilsani.es\/","name":"Inicio - Bar Brasil","isPartOf":{"@id":"https:\/\/barbrasilsani.es\/#website"},"primaryImageOfPage":{"@id":"https:\/\/barbrasilsani.es\/#primaryimage"},"image":{"@id":"https:\/\/barbrasilsani.es\/#primaryimage"},"thumbnailUrl":"https:\/\/barbrasilsani.es\/wp-content\/uploads\/2026\/02\/ico_web.jpg","datePublished":"2026-02-02T08:45:45+00:00","dateModified":"2026-02-03T10:56:48+00:00","breadcrumb":{"@id":"https:\/\/barbrasilsani.es\/#breadcrumb"},"inLanguage":"eu","potentialAction":[{"@type":"ReadAction","target":["https:\/\/barbrasilsani.es\/"]}]},{"@type":"ImageObject","inLanguage":"eu","@id":"https:\/\/barbrasilsani.es\/#primaryimage","url":"https:\/\/barbrasilsani.es\/wp-content\/uploads\/2026\/02\/ico_web.jpg","contentUrl":"https:\/\/barbrasilsani.es\/wp-content\/uploads\/2026\/02\/ico_web.jpg"},{"@type":"BreadcrumbList","@id":"https:\/\/barbrasilsani.es\/#breadcrumb","itemListElement":[{"@type":"ListItem","position":1,"name":"Portada","item":"https:\/\/barbrasilsani.es\/"},{"@type":"ListItem","position":2,"name":"Inicio"}]},{"@type":"WebSite","@id":"https:\/\/barbrasilsani.es\/#website","url":"https:\/\/barbrasilsani.es\/","name":"Bar Brasil","description":"Bar Brasil","publisher":{"@id":"https:\/\/barbrasilsani.es\/#organization"},"potentialAction":[{"@type":"SearchAction","target":{"@type":"EntryPoint","urlTemplate":"https:\/\/barbrasilsani.es\/?s={search_term_string}"},"query-input":{"@type":"PropertyValueSpecification","valueRequired":true,"valueName":"search_term_string"}}],"inLanguage":"eu"},{"@type":"Organization","@id":"https:\/\/barbrasilsani.es\/#organization","name":"Bar Brasil","url":"https:\/\/barbrasilsani.es\/","logo":{"@type":"ImageObject","inLanguage":"eu","@id":"https:\/\/barbrasilsani.es\/#\/schema\/logo\/image\/","url":"https:\/\/barbrasilsani.es\/wp-content\/uploads\/2026\/02\/logo_web2-removebg-preview.png","contentUrl":"https:\/\/barbrasilsani.es\/wp-content\/uploads\/2026\/02\/logo_web2-removebg-preview.png","width":500,"height":500,"caption":"Bar Brasil"},"image":{"@id":"https:\/\/barbrasilsani.es\/#\/schema\/logo\/image\/"}}]}},"_links":{"self":[{"href":"https:\/\/barbrasilsani.es\/eu\/wp-json\/wp\/v2\/pages\/2","targetHints":{"allow":["GET"]}}],"collection":[{"href":"https:\/\/barbrasilsani.es\/eu\/wp-json\/wp\/v2\/pages"}],"about":[{"href":"https:\/\/barbrasilsani.es\/eu\/wp-json\/wp\/v2\/types\/page"}],"author":[{"embeddable":true,"href":"https:\/\/barbrasilsani.es\/eu\/wp-json\/wp\/v2\/users\/1"}],"replies":[{"embeddable":true,"href":"https:\/\/barbrasilsani.es\/eu\/wp-json\/wp\/v2\/comments?post=2"}],"version-history":[{"count":82,"href":"https:\/\/barbrasilsani.es\/eu\/wp-json\/wp\/v2\/pages\/2\/revisions"}],"predecessor-version":[{"id":417,"href":"https:\/\/barbrasilsani.es\/eu\/wp-json\/wp\/v2\/pages\/2\/revisions\/417"}],"wp:attachment":[{"href":"https:\/\/barbrasilsani.es\/eu\/wp-json\/wp\/v2\/media?parent=2"}],"curies":[{"name":"wp","href":"https:\/\/api.w.org\/{rel}","templated":true}]}}